

{"id":3,"date":"2024-02-22T21:07:00","date_gmt":"2024-02-22T21:07:00","guid":{"rendered":"https:\/\/www.dahrah.com\/?page_id=3"},"modified":"2024-02-26T17:33:12","modified_gmt":"2024-02-26T17:33:12","slug":"privacy-policy","status":"publish","type":"page","link":"https:\/\/www.dahrah.com\/de\/privacy-policy\/","title":{"rendered":"Bedingungen"},"content":{"rendered":"\n<p>Alle Fotos und Designs auf dieser Website unterliegen dem Urheberrecht von Federica Galli (Niederlande). Alle unsere Fotos und Designs d\u00fcrfen nicht ohne unsere Genehmigung verwendet werden.<\/p>\n\n\n\n<p><strong>Liefer- und R\u00fcckgabebedingungen<\/strong><\/p>\n\n\n\n<p>1) Unsere Produkte werden auf Anfrage (sofern vorr\u00e4tig) bedruckt, nachdem die Zahlung des Gesamtbetrags bei DAHRAH FASHION eingegangen ist.<\/p>\n\n\n\n<p>2) Die <em>voraussichtliche<\/em> Lieferzeit (Produktion zzgl. Versand) finden Sie in der Produktbeschreibung. Sollte es zu Verz\u00f6gerungen kommen oder die Artikel nicht vorr\u00e4tig sein, informieren wir Sie innerhalb von 4 Werktagen und erstatten Ihnen den gesamten Betrag zur\u00fcck.<\/p>\n\n\n\n<p>3) Zahlungen k\u00f6nnen mit Paypal, Kreditkarte oder Ideal (niederl\u00e4ndische Banken) erfolgen.<\/p>\n\n\n\n<p>4) Die Lieferzeit ist von Land zu Land unterschiedlich. Wir versenden mit der niederl\u00e4ndischen Standardpost (PostNL).<\/p>\n\n\n\n<p>5) DAHRAH-Artikel, die Sie in diesem Webshop gekauft haben, k\u00f6nnen zur\u00fcckgegeben werden, wenn Sie nicht zufrieden sind. Bei unbenutzter und unbesch\u00e4digter R\u00fccksendung innerhalb von 14 Tagen wird der Preis des Artikels erstattet, die Versandkosten k\u00f6nnen wir jedoch nicht erstatten. Bitte kontaktieren Sie uns (dahrahfashion@gmail.com), bevor Sie die Artikel zur\u00fccksenden!<\/p>\n\n\n\n<p>6) DAHRAH FASHION erstattet keine Produkte, die w\u00e4hrend des Versands verloren gehen oder besch\u00e4digt werden.<\/p>\n\n\n\n<p>7) Bei internationalen Bestellungen au\u00dferhalb der EU k\u00f6nnen Einfuhrz\u00f6lle und Steuern anfallen. Aufgrund unerwarteter Einfuhrz\u00f6lle\/Steuern akzeptieren wir keine R\u00fccksendungen.<\/p>\n\n\n\n<p><strong>Absender<\/strong><\/p>\n\n\n\n<p>BITTE BENACHRICHTIGEN SIE UNS PER E-MAIL (dahrahfashion@gmail.com) UND SENDEN SIE UNS AN: DAHRAH FASHION, Veerpolder 19, 2361 KX Warmond, Niederlande<\/p>\n\n\n\n<p><strong>Haftung<\/strong><\/p>\n\n\n\n<p>Unsere Produkte werden aus sehr hochwertigen Stoffen hergestellt, die vegan und OEKO-TEK-zertifiziert sind. In allen F\u00e4llen haften wir nicht f\u00fcr Sch\u00e4den, die durch den ordnungsgem\u00e4\u00dfen oder unsachgem\u00e4\u00dfen Gebrauch unserer Kleidungsst\u00fccke entstehen. Wir haften auch nicht f\u00fcr Verz\u00f6gerungen oder Produktverluste w\u00e4hrend der Versandphase. In diesem Fall k\u00f6nnen die Produkte nicht erstattet werden. Datenschutzerkl\u00e4rung Wenn Sie auf unserer Website eine Transaktion durchf\u00fchren, erfassen wir im Rahmen des Vorgangs personenbezogene Daten, die Sie uns beim Bezahlvorgang mitteilen, wie z. B. Ihren Namen, Ihre Rechnungsadresse, Lieferadresse und E-Mail-Adresse. Ihre pers\u00f6nlichen Daten werden nur zweckgebunden f\u00fcr den Versand der gekauften Waren an Ihre Adresse verwendet. Wir geben diese Daten nicht an Dritte weiter, mit Ausnahme Ihrer Lieferdaten, die lediglich zum Versand der Waren an die Post \u00fcbermittelt werden. Die Speicherung dieser Daten erfolgt ausschlie\u00dflich auf dem Server des Webhosting-Unternehmens unserer Website. Dahrah Fashion haftet nicht f\u00fcr Datenlecks, die von diesen Servern oder denen der Postdienste ausgehen k\u00f6nnten. \u200bAlle von unserer Website verwendeten Direktzahlungs-Gateways entsprechen den von PCI-DSS festgelegten Standards, die vom PCI Security Standards Council verwaltet werden, einem gemeinsamen Projekt von Marken wie Visa, MasterCard, American Express und Discover. PCI-DSS-Anforderungen tragen dazu bei, den sicheren Umgang mit Kreditkarteninformationen durch unseren Shop und seine Dienstleister zu gew\u00e4hrleisten. \u200bWir behalten uns das Recht vor, diese Datenschutzrichtlinie jederzeit zu \u00e4ndern. \u00c4nderungen werden sofort nach ihrer Ver\u00f6ffentlichung auf der Website wirksam.<\/p>\n\n\n\n<p>Wenn Sie pers\u00f6nliche Daten, die wir \u00fcber Sie haben, korrigieren, \u00e4ndern oder l\u00f6schen m\u00f6chten, k\u00f6nnen Sie uns unter dahrahfashion@gmail.com kontaktieren.<\/p>\n","protected":false},"excerpt":{"rendered":"<p>Alle Fotos und Designs auf dieser Website unterliegen dem Urheberrecht von Federica Galli (Niederlande). Alle unsere Fotos und Designs d\u00fcrfen nicht ohne unsere Genehmigung verwendet werden. Liefer- und R\u00fcckgabebedingungen 1) Unsere Produkte werden auf Anfrage (sofern vorr\u00e4tig) bedruckt, nachdem die Zahlung des Gesamtbetrags bei DAHRAH FASHION eingegangen ist. 2) Die voraussichtliche Lieferzeit (Produktion zzgl. Versand)&hellip;&nbsp;<a href=\"https:\/\/www.dahrah.com\/de\/privacy-policy\/\" rel=\"bookmark\">Read More &raquo;<span class=\"screen-reader-text\">Bedingungen<\/span><\/a><\/p>\n","protected":false},"author":2,"featured_media":0,"parent":0,"menu_order":0,"comment_status":"closed","ping_status":"open","template":"","meta":{"neve_meta_sidebar":"","neve_meta_container":"","neve_meta_enable_content_width":"","neve_meta_content_width":0,"neve_meta_title_alignment":"","neve_meta_author_avatar":"","neve_post_elements_order":"","neve_meta_disable_header":"","neve_meta_disable_footer":"","neve_meta_disable_title":"","footnotes":""},"class_list":["post-3","page","type-page","status-publish","hentry"],"translation":{"provider":"WPGlobus","version":"3.0.2","language":"de","enabled_languages":["en","de","fr","nl","it"],"languages":{"en":{"title":true,"content":true,"excerpt":false},"de":{"title":true,"content":true,"excerpt":false},"fr":{"title":true,"content":true,"excerpt":false},"nl":{"title":true,"content":true,"excerpt":false},"it":{"title":true,"content":true,"excerpt":false}}},"yoast_head":"<!-- This site is optimized with the Yoast SEO plugin v27.1.1 - https:\/\/yoast.com\/product\/yoast-seo-wordpress\/ -->\n<title>Bedingungen - Dahrah Sailing Fashion<\/title>\n<meta name=\"robots\" content=\"index, follow, max-snippet:-1, max-image-preview:large, max-video-preview:-1\" \/>\n<link rel=\"canonical\" href=\"https:\/\/www.dahrah.com\/privacy-policy\/\" \/>\n<meta property=\"og:locale\" content=\"de_DE\" \/>\n<meta property=\"og:type\" content=\"article\" \/>\n<meta property=\"og:title\" content=\"Bedingungen - Dahrah Sailing Fashion\" \/>\n<meta property=\"og:url\" content=\"https:\/\/www.dahrah.com\/privacy-policy\/\" \/>\n<meta property=\"og:site_name\" content=\"Dahrah Sailing Fashion\" \/>\n<meta property=\"article:modified_time\" content=\"2024-02-26T17:33:12+00:00\" \/>\n<meta name=\"twitter:card\" content=\"summary_large_image\" \/>\n<meta name=\"twitter:label1\" content=\"Est. reading time\" \/>\n\t<meta name=\"twitter:data1\" content=\"3 minutes\" \/>\n<script type=\"application\/ld+json\" class=\"yoast-schema-graph\">{\"@context\":\"https:\/\/schema.org\",\"@graph\":[{\"@type\":\"WebPage\",\"@id\":\"https:\/\/www.dahrah.com\/privacy-policy\/\",\"url\":\"https:\/\/www.dahrah.com\/privacy-policy\/\",\"name\":\"Bedingungen - Dahrah Sailing Fashion\",\"isPartOf\":{\"@id\":\"https:\/\/www.dahrah.com\/#website\"},\"datePublished\":\"2024-02-22T21:07:00+00:00\",\"dateModified\":\"2024-02-26T17:33:12+00:00\",\"breadcrumb\":{\"@id\":\"https:\/\/www.dahrah.com\/privacy-policy\/#breadcrumb\"},\"inLanguage\":\"de-DE\",\"potentialAction\":[{\"@type\":\"ReadAction\",\"target\":[\"https:\/\/www.dahrah.com\/privacy-policy\/\"]}]},{\"@type\":\"BreadcrumbList\",\"@id\":\"https:\/\/www.dahrah.com\/privacy-policy\/#breadcrumb\",\"itemListElement\":[{\"@type\":\"ListItem\",\"position\":1,\"name\":\"Home\",\"item\":\"https:\/\/www.dahrah.com\/\"},{\"@type\":\"ListItem\",\"position\":2,\"name\":\"Terms\"}]},{\"@type\":\"WebSite\",\"@id\":\"https:\/\/www.dahrah.com\/#website\",\"url\":\"https:\/\/www.dahrah.com\/\",\"name\":\"Dahrah Sailing Fashion\",\"description\":\"DAHRAH FASHION, Bio-Segelmode\",\"publisher\":{\"@id\":\"https:\/\/www.dahrah.com\/#organization\"},\"potentialAction\":[{\"@type\":\"SearchAction\",\"target\":{\"@type\":\"EntryPoint\",\"urlTemplate\":\"https:\/\/www.dahrah.com\/?s={search_term_string}\"},\"query-input\":{\"@type\":\"PropertyValueSpecification\",\"valueRequired\":true,\"valueName\":\"search_term_string\"}}],\"inLanguage\":\"de-DE\"},{\"@type\":\"Organization\",\"@id\":\"https:\/\/www.dahrah.com\/#organization\",\"name\":\"Dahrah Sailing Fashion\",\"url\":\"https:\/\/www.dahrah.com\/\",\"logo\":{\"@type\":\"ImageObject\",\"inLanguage\":\"de-DE\",\"@id\":\"https:\/\/www.dahrah.com\/#\/schema\/logo\/image\/\",\"url\":\"\",\"contentUrl\":\"\",\"caption\":\"Dahrah Sailing Fashion\"},\"image\":{\"@id\":\"https:\/\/www.dahrah.com\/#\/schema\/logo\/image\/\"}}]}<\/script>\n<!-- \/ Yoast SEO plugin. -->","yoast_head_json":{"title":"Bedingungen - Dahrah Sailing Fashion","robots":{"index":"index","follow":"follow","max-snippet":"max-snippet:-1","max-image-preview":"max-image-preview:large","max-video-preview":"max-video-preview:-1"},"canonical":"https:\/\/www.dahrah.com\/privacy-policy\/","og_locale":"de_DE","og_type":"article","og_title":"Bedingungen - Dahrah Sailing Fashion","og_url":"https:\/\/www.dahrah.com\/privacy-policy\/","og_site_name":"Dahrah Sailing Fashion","article_modified_time":"2024-02-26T17:33:12+00:00","twitter_card":"summary_large_image","twitter_misc":{"Est. reading time":"3 minutes"},"schema":{"@context":"https:\/\/schema.org","@graph":[{"@type":"WebPage","@id":"https:\/\/www.dahrah.com\/privacy-policy\/","url":"https:\/\/www.dahrah.com\/privacy-policy\/","name":"Bedingungen - Dahrah Sailing Fashion","isPartOf":{"@id":"https:\/\/www.dahrah.com\/#website"},"datePublished":"2024-02-22T21:07:00+00:00","dateModified":"2024-02-26T17:33:12+00:00","breadcrumb":{"@id":"https:\/\/www.dahrah.com\/privacy-policy\/#breadcrumb"},"inLanguage":"de-DE","potentialAction":[{"@type":"ReadAction","target":["https:\/\/www.dahrah.com\/privacy-policy\/"]}]},{"@type":"BreadcrumbList","@id":"https:\/\/www.dahrah.com\/privacy-policy\/#breadcrumb","itemListElement":[{"@type":"ListItem","position":1,"name":"Home","item":"https:\/\/www.dahrah.com\/"},{"@type":"ListItem","position":2,"name":"Terms"}]},{"@type":"WebSite","@id":"https:\/\/www.dahrah.com\/#website","url":"https:\/\/www.dahrah.com\/","name":"Dahrah Sailing Fashion","description":"DAHRAH FASHION, Bio-Segelmode","publisher":{"@id":"https:\/\/www.dahrah.com\/#organization"},"potentialAction":[{"@type":"SearchAction","target":{"@type":"EntryPoint","urlTemplate":"https:\/\/www.dahrah.com\/?s={search_term_string}"},"query-input":{"@type":"PropertyValueSpecification","valueRequired":true,"valueName":"search_term_string"}}],"inLanguage":"de-DE"},{"@type":"Organization","@id":"https:\/\/www.dahrah.com\/#organization","name":"Dahrah Sailing Fashion","url":"https:\/\/www.dahrah.com\/","logo":{"@type":"ImageObject","inLanguage":"de-DE","@id":"https:\/\/www.dahrah.com\/#\/schema\/logo\/image\/","url":"","contentUrl":"","caption":"Dahrah Sailing Fashion"},"image":{"@id":"https:\/\/www.dahrah.com\/#\/schema\/logo\/image\/"}}]}},"jetpack_sharing_enabled":true,"_links":{"self":[{"href":"https:\/\/www.dahrah.com\/de\/wp-json\/wp\/v2\/pages\/3","targetHints":{"allow":["GET"]}}],"collection":[{"href":"https:\/\/www.dahrah.com\/de\/wp-json\/wp\/v2\/pages"}],"about":[{"href":"https:\/\/www.dahrah.com\/de\/wp-json\/wp\/v2\/types\/page"}],"author":[{"embeddable":true,"href":"https:\/\/www.dahrah.com\/de\/wp-json\/wp\/v2\/users\/2"}],"replies":[{"embeddable":true,"href":"https:\/\/www.dahrah.com\/de\/wp-json\/wp\/v2\/comments?post=3"}],"version-history":[{"count":6,"href":"https:\/\/www.dahrah.com\/de\/wp-json\/wp\/v2\/pages\/3\/revisions"}],"predecessor-version":[{"id":4148,"href":"https:\/\/www.dahrah.com\/de\/wp-json\/wp\/v2\/pages\/3\/revisions\/4148"}],"wp:attachment":[{"href":"https:\/\/www.dahrah.com\/de\/wp-json\/wp\/v2\/media?parent=3"}],"curies":[{"name":"wp","href":"https:\/\/api.w.org\/{rel}","templated":true}]}}