

{"id":9,"date":"2024-02-23T14:38:14","date_gmt":"2024-02-23T14:38:14","guid":{"rendered":"https:\/\/www.dahrah.com\/?page_id=9"},"modified":"2025-11-26T19:49:53","modified_gmt":"2025-11-26T19:49:53","slug":"about","status":"publish","type":"page","link":"https:\/\/www.dahrah.com\/de\/about\/","title":{"rendered":"About"},"content":{"rendered":"\n<div class=\"wp-block-cover alignfull is-light\" style=\"min-height:1058px;aspect-ratio:unset;\"><span aria-hidden=\"true\" class=\"wp-block-cover__background has-nv-light-bg-background-color has-background-dim-100 has-background-dim\"><\/span><div class=\"wp-block-cover__inner-container is-layout-flow wp-block-cover-is-layout-flow\">\n<div class=\"wp-block-group\"><div class=\"wp-block-group__inner-container is-layout-flow wp-block-group-is-layout-flow\">\n<div class=\"wp-block-columns are-vertically-aligned-center is-layout-flex wp-container-core-columns-is-layout-9d6595d7 wp-block-columns-is-layout-flex\">\n<div class=\"wp-block-column is-vertically-aligned-center is-layout-flow wp-block-column-is-layout-flow\" style=\"flex-basis:50%\">\n<figure class=\"wp-block-image size-full size-large\"><img loading=\"lazy\" decoding=\"async\" width=\"768\" height=\"461\" src=\"https:\/\/www.dahrah.com\/wp-content\/uploads\/2024\/02\/IMG_9301-h-768x461-1.jpg\" alt=\"\" class=\"wp-image-4149\" srcset=\"https:\/\/www.dahrah.com\/wp-content\/uploads\/2024\/02\/IMG_9301-h-768x461-1.jpg 768w, https:\/\/www.dahrah.com\/wp-content\/uploads\/2024\/02\/IMG_9301-h-768x461-1-300x180.jpg 300w\" sizes=\"auto, (max-width: 768px) 100vw, 768px\" \/><\/figure>\n<\/div>\n\n\n\n<div class=\"wp-block-column is-vertically-aligned-center is-layout-flow wp-block-column-is-layout-flow\" style=\"flex-basis:50%\">\n<h2 class=\"wp-block-heading has-neve-text-color-color has-text-color\"><strong>Unsere Geschichte<\/strong> und Mission<\/h2>\n\n\n\n<p class=\"has-nv-dark-bg-color has-text-color has-link-color wp-elements-cc29c8dc4f15671edf06f0826febdf90\">Wir sind eine niederl\u00e4ndische Marke f\u00fcr <a href=\"https:\/\/www.dahrah.com\/de\/product-category\/sailing-hoodies-tshirts\/\">Segel- und Nautikbekleidung \u2013 Hoodies und T-Shirts<\/a> f\u00fcr Segler, die unsere Leidenschaft f\u00fcr das Meer und Wassersport teilen. <a href=\"https:\/\/www.dahrah.com\/de\/\">DAHRAH<\/a> ist mehr als nur eine Modemarke \u2013 es ist ein Lebensgef\u00fchl. Wir kreieren organische, <a href=\"https:\/\/www.dahrah.com\/de\/shop\">vom Meer inspirierte Kleidung<\/a> f\u00fcr abenteuerlustige Skipper, Crews und Surfer, die immer wieder neue Abenteuer erleben wollen.<\/p>\n\n\n\n<p class=\"has-nv-dark-bg-color has-text-color has-link-color wp-elements-5e46118af59b785221ded67e6dc49a11\">Unsere Geschichte beginnt 2018 in der charmanten niederl\u00e4ndischen Stadt Leiden, wo jeder Windsto\u00df den Duft der Nordsee tr\u00e4gt und das Kreischen der M\u00f6wen die Luft erf\u00fcllt. Als begeisterte Segler und Windsurfer wissen wir, was es hei\u00dft, auf dem Wasser zu sein und sich lebendig und frei zu f\u00fchlen. Mit fast zehn Jahren Erfahrung im Modedesign und einem Leben voller Segeln und Surfen auf der Nordsee haben wir uns zum Ziel gesetzt, <a href=\"https:\/\/www.dahrah.com\/de\/product-category\/sailing-hoodies-tshirts\/\">nautische Kleidung zu entwerfen<\/a>, die nicht nur bequem ist, sondern auch eine Geschichte erz\u00e4hlt.<\/p>\n\n\n\n<p class=\"has-nv-dark-bg-color has-text-color has-link-color wp-elements-c3cf0cb7ef8c7b2617bbb5aea19a615c\">Wir haben uns der Herstellung einzigartiger, kreativer und hochwertiger <a href=\"https:\/\/www.dahrah.com\/de\/shop\">Segel- und Nautik-Hoodies und -T-Shirts<\/a> verschrieben, die selbst den anspruchsvollsten Crews in puncto Qualit\u00e4t und Stil gerecht werden. Seit 2018 verfolgen wir die Mission, unsere Vision zu verwirklichen \u2013 inspiriert von der Faszination des Ozeans und dem damit verbundenen Gemeinschaftsgef\u00fchl.<\/p>\n<\/div>\n<\/div>\n<\/div><\/div>\n<\/div><\/div>\n\n\n\n<div class=\"wp-block-cover alignfull\"><span aria-hidden=\"true\" class=\"wp-block-cover__background has-neve-link-color-background-color has-background-dim-100 has-background-dim\"><\/span><div class=\"wp-block-cover__inner-container is-layout-constrained wp-block-cover-is-layout-constrained\">\n<p class=\"has-text-align-center has-large-font-size\"><\/p>\n\n\n\n<div class=\"wp-block-columns is-layout-flex wp-container-core-columns-is-layout-9d6595d7 wp-block-columns-is-layout-flex\">\n<div class=\"wp-block-column is-layout-flow wp-block-column-is-layout-flow\">\n<h2 class=\"wp-block-heading\">Segeln und Surfen: Ein inspirierender Lebensstil<\/h2>\n\n\n\n<p class=\"has-nv-dark-bg-color has-text-color has-link-color wp-elements-ea7233faec714e24aa19a0a1ed99d362\">Der Geist des Segelns ist einzigartig. Segler suchen Freiheit, Abenteuer und Entdeckungen. Und all das, was das Land nicht geben kann, das m\u00e4chtige Meer aber schon. Genau dieser Geist inspiriert unsere <a href=\"https:\/\/www.dahrah.com\/de\/product-category\/sailing-hoodies-tshirts\/\">Segelmode-Kollektion<\/a>: eine Mischung aus Vintage- und modernem <a href=\"https:\/\/www.dahrah.com\/de\/shop\">maritimen Stil<\/a>, erstklassiger Qualit\u00e4t und hohem Tragekomfort. Entworfen f\u00fcr alle, die mit den Gezeiten leben, den Wind und das Salz in den Haaren sp\u00fcren und von Fernweh tr\u00e4umen. Unsere <a href=\"https:\/\/www.dahrah.com\/de\/product-category\/sailing-hoodies-tshirts\/\">Segel-Hoodies und -T-Shirts<\/a> bringen die Essenz des Ozeans in Ihren Segel-Lifestyle \u2013 und das mit einer <a href=\"https:\/\/www.dahrah.com\/why-dahrah-sailing-fashion-is-sustainable\/\">einzigartigen nachhaltigen Formel<\/a>, die Abfall und Umweltverschmutzung vermeidet.<\/p>\n\n\n\n<p class=\"has-nv-dark-bg-color has-text-color has-link-color wp-elements-2c1f39784a7f716f937f637f3b5300c2\">Viele Segler k\u00f6nnen es kaum erwarten, an Land auf g\u00fcnstigen Wind zu warten. Dann ist die beste Zeit f\u00fcr Wassersportarten wie <a href=\"https:\/\/www.dahrah.com\/de\/product-category\/surfing-hoodies-t-shirts\/\">Surfen, Kitesurfen und Windsurfen<\/a>. Wir sind die kreativste und modischste Marke f\u00fcr <a href=\"https:\/\/www.dahrah.com\/de\/shop\">Hoodies und T-Shirts<\/a> f\u00fcr diese Sportarten. Auf Anfrage bieten wir auch <a href=\"https:\/\/www.dahrah.com\/de\/product-category\/skateboards\/\">Skateboards<\/a> an, denn wir haben festgestellt, dass sie f\u00fcr Besitzer kleiner Segelboote eine praktische und platzsparende Fortbewegungsm\u00f6glichkeit an Land sind.<br><\/p>\n<\/div>\n\n\n\n<div class=\"wp-block-column is-layout-flow wp-block-column-is-layout-flow\">\n<figure class=\"wp-block-image size-full\"><img loading=\"lazy\" decoding=\"async\" width=\"2560\" height=\"1403\" src=\"https:\/\/www.dahrah.com\/wp-content\/uploads\/2025\/11\/DSC_2045-wp-scaled.jpg\" alt=\"\" class=\"wp-image-8608\" srcset=\"https:\/\/www.dahrah.com\/wp-content\/uploads\/2025\/11\/DSC_2045-wp-scaled.jpg 2560w, https:\/\/www.dahrah.com\/wp-content\/uploads\/2025\/11\/DSC_2045-wp-768x421.jpg 768w, https:\/\/www.dahrah.com\/wp-content\/uploads\/2025\/11\/DSC_2045-wp-1536x842.jpg 1536w, https:\/\/www.dahrah.com\/wp-content\/uploads\/2025\/11\/DSC_2045-wp-2048x1123.jpg 2048w, https:\/\/www.dahrah.com\/wp-content\/uploads\/2025\/11\/DSC_2045-wp-1200x658.jpg 1200w\" sizes=\"auto, (max-width: 2560px) 100vw, 2560px\" \/><\/figure>\n<\/div>\n<\/div>\n<\/div><\/div>\n\n\n\n<div class=\"wp-block-cover alignfull is-light\" style=\"min-height:600px;aspect-ratio:unset;\"><span aria-hidden=\"true\" class=\"wp-block-cover__background has-nv-dark-bg-background-color has-background-dim-100 has-background-dim\"><\/span><div class=\"wp-block-cover__inner-container is-layout-flow wp-block-cover-is-layout-flow\">\n<div class=\"wp-block-group\"><div class=\"wp-block-group__inner-container is-layout-flow wp-block-group-is-layout-flow\">\n<div style=\"height:80px\" aria-hidden=\"true\" class=\"wp-block-spacer\"><\/div>\n\n\n\n<div class=\"wp-block-columns are-vertically-aligned-center is-layout-flex wp-container-core-columns-is-layout-9d6595d7 wp-block-columns-is-layout-flex\">\n<div class=\"wp-block-column is-vertically-aligned-center is-layout-flow wp-block-column-is-layout-flow\" style=\"flex-basis:50%\">\n<h2 class=\"wp-block-heading has-nv-text-dark-bg-color has-text-color\"><strong>Werte treiben uns an<\/strong><\/h2>\n\n\n\n<p class=\"has-nv-site-bg-color has-text-color has-link-color wp-elements-efd22d7ad3a7b7d63c3edf5fabb63d92\"><a href=\"https:\/\/www.dahrah.com\/de\">DAHRAH<\/a> engagiert sich f\u00fcr ein wichtiges Anliegen, das uns sehr am Herzen liegt: den Schutz der Umwelt, insbesondere des Ozeans. Unsere Marke positioniert sich klar gegen Fast Fashion. Deshalb finden Sie bei uns keine saisonalen <a href=\"https:\/\/www.dahrah.com\/de\/shop\">Kollektionen<\/a>. Statt Lagerware zu lagern, bedrucken wir jedes Teil auf Bestellung. Unsere <a href=\"https:\/\/www.dahrah.com\/de\/product-category\/sailing-hoodies-tshirts\/\">T-Shirts und Hoodies mit Segel- und Nautikmotiven<\/a> werden in ethisch einwandfreien Fabriken hergestellt und sind vegan- sowie <a href=\"https:\/\/www.oeko-tex.com\/en\/\">OEKO-TEX<\/a>\u00ae-zertifiziert. Um die Belastung von Trinkwasser und Meer durch Plastik zu reduzieren, wird der geringe Polyesteranteil in den Stoffen recycelt. Schlie\u00dflich bedruckt unser Team jedes <a href=\"https:\/\/www.dahrah.com\/de\/shop\">T-Shirt und jeden Hoodie<\/a> in den Niederlanden mit umweltfreundlichen Techniken und Farben.<\/p>\n\n\n\n<div style=\"height:20px\" aria-hidden=\"true\" class=\"wp-block-spacer\"><\/div>\n\n\n\n<div style=\"height:20px\" aria-hidden=\"true\" class=\"wp-block-spacer\"><\/div>\n<\/div>\n\n\n\n<div class=\"wp-block-column is-vertically-aligned-center is-layout-flow wp-block-column-is-layout-flow\" style=\"flex-basis:50%\">\n<figure class=\"wp-block-image size-full\"><img loading=\"lazy\" decoding=\"async\" width=\"768\" height=\"570\" src=\"https:\/\/www.dahrah.com\/wp-content\/uploads\/2024\/02\/drawing-fishes1-baars-zonnebaars-together-no-logo-website-768x570-1.png\" alt=\"\" class=\"wp-image-4151\" srcset=\"https:\/\/www.dahrah.com\/wp-content\/uploads\/2024\/02\/drawing-fishes1-baars-zonnebaars-together-no-logo-website-768x570-1.png 768w, https:\/\/www.dahrah.com\/wp-content\/uploads\/2024\/02\/drawing-fishes1-baars-zonnebaars-together-no-logo-website-768x570-1-300x223.png 300w\" sizes=\"auto, (max-width: 768px) 100vw, 768px\" \/><\/figure>\n<\/div>\n<\/div>\n<\/div><\/div>\n<\/div><\/div>\n\n\n\n<div class=\"wp-block-cover alignfull\"><span aria-hidden=\"true\" class=\"wp-block-cover__background has-neve-link-color-background-color has-background-dim-100 has-background-dim\"><\/span><div class=\"wp-block-cover__inner-container is-layout-constrained wp-block-cover-is-layout-constrained\">\n<p class=\"has-text-align-center has-large-font-size\"><\/p>\n\n\n\n<div class=\"wp-block-columns is-layout-flex wp-container-core-columns-is-layout-9d6595d7 wp-block-columns-is-layout-flex\">\n<div class=\"wp-block-column is-layout-flow wp-block-column-is-layout-flow\">\n<figure class=\"wp-block-image size-full is-resized\"><img loading=\"lazy\" decoding=\"async\" width=\"1244\" height=\"830\" src=\"https:\/\/www.dahrah.com\/wp-content\/uploads\/2025\/11\/IMG_5220.jpg\" alt=\"\" class=\"wp-image-8635\" style=\"width:720px;height:auto\" srcset=\"https:\/\/www.dahrah.com\/wp-content\/uploads\/2025\/11\/IMG_5220.jpg 1244w, https:\/\/www.dahrah.com\/wp-content\/uploads\/2025\/11\/IMG_5220-768x512.jpg 768w, https:\/\/www.dahrah.com\/wp-content\/uploads\/2025\/11\/IMG_5220-930x620.jpg 930w, https:\/\/www.dahrah.com\/wp-content\/uploads\/2025\/11\/IMG_5220-1200x801.jpg 1200w\" sizes=\"auto, (max-width: 1244px) 100vw, 1244px\" \/><\/figure>\n<\/div>\n\n\n\n<div class=\"wp-block-column is-layout-flow wp-block-column-is-layout-flow\">\n<h2 class=\"wp-block-heading\">Wir nehmen Sie mit auf unsere Reise<\/h2>\n\n\n\n<p class=\"has-nv-dark-bg-color has-text-color has-link-color wp-elements-3933138ea186b26747f66840081aadcd\">Folgen Sie uns gerne auf <a href=\"https:\/\/www.instagram.com\/dahrahfashion\/\">Instagram<\/a>, <a href=\"https:\/\/www.facebook.com\/dahrahfashion\">Facebook<\/a> und <a href=\"https:\/\/www.linkedin.com\/in\/federica-galli-aba47a201\/\">LinkedIn<\/a>. Besuchen Sie auch unseren Blog, wo Sie mehr \u00fcber unsere Markenmission, unsere Inspiration und unsere Abenteuer erfahren. Alle Informationen zur Gr\u00f6\u00dfe finden Sie auf unserer <a href=\"https:\/\/www.dahrah.com\/de\/sample-page\/\">Gr\u00f6\u00dfentabelle<\/a>. Bei Fragen oder f\u00fcr ein individuelles Design f\u00fcr Ihre Crew oder Ihren Segelclub k\u00f6nnen Sie uns jederzeit kontaktieren. <\/p>\n\n\n\n<p class=\"has-nv-dark-bg-color has-text-color has-link-color wp-elements-335eb3269510746646f006b64e49d620\">Kontakt: info@dahrah.com<\/p>\n\n\n\n<div class=\"wp-block-columns is-layout-flex wp-container-core-columns-is-layout-9d6595d7 wp-block-columns-is-layout-flex\">\n<div class=\"wp-block-column is-layout-flow wp-block-column-is-layout-flow\">\n<figure class=\"wp-block-image size-full\"><a href=\"https:\/\/www.instagram.com\/dahrahfashion\/\"><img loading=\"lazy\" decoding=\"async\" width=\"150\" height=\"150\" src=\"https:\/\/www.dahrah.com\/wp-content\/uploads\/2025\/11\/ig-icon-150x150-2.png\" alt=\"\" class=\"wp-image-8642\"\/><\/a><\/figure>\n<\/div>\n\n\n\n<div class=\"wp-block-column is-layout-flow wp-block-column-is-layout-flow\">\n<figure class=\"wp-block-image size-full\"><a href=\"https:\/\/www.facebook.com\/dahrahfashion\"><img loading=\"lazy\" decoding=\"async\" width=\"150\" height=\"150\" src=\"https:\/\/www.dahrah.com\/wp-content\/uploads\/2025\/11\/fb-icon-1-150x150-2.png\" alt=\"\" class=\"wp-image-8643\"\/><\/a><\/figure>\n<\/div>\n\n\n\n<div class=\"wp-block-column is-layout-flow wp-block-column-is-layout-flow\">\n<figure class=\"wp-block-image size-full\"><a href=\"https:\/\/www.linkedin.com\/in\/federica-galli-aba47a201\/\"><img loading=\"lazy\" decoding=\"async\" width=\"150\" height=\"150\" src=\"https:\/\/www.dahrah.com\/wp-content\/uploads\/2025\/11\/lin-icon-1-150x150-1.png\" alt=\"\" class=\"wp-image-8644\"\/><\/a><\/figure>\n<\/div>\n<\/div>\n<\/div>\n<\/div>\n<\/div><\/div>\n","protected":false},"excerpt":{"rendered":"","protected":false},"author":2,"featured_media":0,"parent":0,"menu_order":0,"comment_status":"closed","ping_status":"closed","template":"","meta":{"neve_meta_sidebar":"","neve_meta_container":"","neve_meta_enable_content_width":"on","neve_meta_content_width":100,"neve_meta_title_alignment":"","neve_meta_author_avatar":"","neve_post_elements_order":"","neve_meta_disable_header":"","neve_meta_disable_footer":"","neve_meta_disable_title":"on","footnotes":""},"class_list":["post-9","page","type-page","status-publish","hentry"],"translation":{"provider":"WPGlobus","version":"3.0.2","language":"de","enabled_languages":["en","de","fr","nl","it"],"languages":{"en":{"title":true,"content":true,"excerpt":false},"de":{"title":false,"content":true,"excerpt":false},"fr":{"title":false,"content":true,"excerpt":false},"nl":{"title":false,"content":true,"excerpt":false},"it":{"title":false,"content":true,"excerpt":false}}},"yoast_head":"<!-- This site is optimized with the Yoast SEO plugin v27.1.1 - https:\/\/yoast.com\/product\/yoast-seo-wordpress\/ -->\n<title>Kapuzenpullover und T-Shirts mit nautischen und Segelmotiven - Dahrah Sailing Fashion<\/title>\n<meta name=\"description\" content=\"Niederl\u00e4ndische Marke f\u00fcr nautische und Segelbekleidung wie Hoodies, T-Shirts und Pullover. Bio-Marinebekleidung, speziell f\u00fcr Segler und Wassersportler.\" \/>\n<meta name=\"robots\" content=\"index, follow, max-snippet:-1, max-image-preview:large, max-video-preview:-1\" \/>\n<link rel=\"canonical\" href=\"https:\/\/www.dahrah.com\/about\/\" \/>\n<meta property=\"og:locale\" content=\"de_DE\" \/>\n<meta property=\"og:type\" content=\"article\" \/>\n<meta property=\"og:title\" content=\"Kapuzenpullover und T-Shirts mit nautischen und Segelmotiven - Dahrah Sailing Fashion\" \/>\n<meta property=\"og:description\" content=\"Niederl\u00e4ndische Marke f\u00fcr nautische und Segelbekleidung wie Hoodies, T-Shirts und Pullover. Bio-Marinebekleidung, speziell f\u00fcr Segler und Wassersportler.\" \/>\n<meta property=\"og:url\" content=\"https:\/\/www.dahrah.com\/about\/\" \/>\n<meta property=\"og:site_name\" content=\"Dahrah Sailing Fashion\" \/>\n<meta property=\"article:modified_time\" content=\"2025-11-26T19:49:53+00:00\" \/>\n<meta property=\"og:image\" content=\"https:\/\/www.dahrah.com\/wp-content\/uploads\/2024\/02\/IMG_9301-h-768x461-1.jpg\" \/>\n\t<meta property=\"og:image:width\" content=\"768\" \/>\n\t<meta property=\"og:image:height\" content=\"461\" \/>\n\t<meta property=\"og:image:type\" content=\"image\/jpeg\" \/>\n<meta name=\"twitter:card\" content=\"summary_large_image\" \/>\n<meta name=\"twitter:label1\" content=\"Est. reading time\" \/>\n\t<meta name=\"twitter:data1\" content=\"4 minutes\" \/>\n<script type=\"application\/ld+json\" class=\"yoast-schema-graph\">{\"@context\":\"https:\/\/schema.org\",\"@graph\":[{\"@type\":\"WebPage\",\"@id\":\"https:\/\/www.dahrah.com\/about\/\",\"url\":\"https:\/\/www.dahrah.com\/about\/\",\"name\":\"Nautische en zeilen hoodies en T-shirts - Dahrah Sailing Fashion\",\"isPartOf\":{\"@id\":\"https:\/\/www.dahrah.com\/#website\"},\"primaryImageOfPage\":{\"@id\":\"https:\/\/www.dahrah.com\/about\/#primaryimage\"},\"image\":{\"@id\":\"https:\/\/www.dahrah.com\/about\/#primaryimage\"},\"thumbnailUrl\":\"https:\/\/www.dahrah.com\/wp-content\/uploads\/2024\/02\/IMG_9301-h-768x461-1.jpg\",\"datePublished\":\"2024-02-23T14:38:14+00:00\",\"dateModified\":\"2025-11-26T19:49:53+00:00\",\"description\":\"Nederlands merk van nautische en zeilen hoodies, T-shirts en truien. Biologische maritieme kleding, ontworpen voor zeilers en watersporters.\",\"breadcrumb\":{\"@id\":\"https:\/\/www.dahrah.com\/about\/#breadcrumb\"},\"inLanguage\":\"de-DE\",\"potentialAction\":[{\"@type\":\"ReadAction\",\"target\":[\"https:\/\/www.dahrah.com\/about\/\"]}]},{\"@type\":\"ImageObject\",\"inLanguage\":\"de-DE\",\"@id\":\"https:\/\/www.dahrah.com\/about\/#primaryimage\",\"url\":\"https:\/\/www.dahrah.com\/wp-content\/uploads\/2024\/02\/IMG_9301-h-768x461-1.jpg\",\"contentUrl\":\"https:\/\/www.dahrah.com\/wp-content\/uploads\/2024\/02\/IMG_9301-h-768x461-1.jpg\"},{\"@type\":\"BreadcrumbList\",\"@id\":\"https:\/\/www.dahrah.com\/about\/#breadcrumb\",\"itemListElement\":[{\"@type\":\"ListItem\",\"position\":1,\"name\":\"Home\",\"item\":\"https:\/\/www.dahrah.com\/\"},{\"@type\":\"ListItem\",\"position\":2,\"name\":\"About\"}]},{\"@type\":\"WebSite\",\"@id\":\"https:\/\/www.dahrah.com\/#website\",\"url\":\"https:\/\/www.dahrah.com\/\",\"name\":\"Dahrah Sailing Fashion\",\"description\":\"DAHRAH FASHION, Bio-Segelmode\",\"publisher\":{\"@id\":\"https:\/\/www.dahrah.com\/#organization\"},\"potentialAction\":[{\"@type\":\"SearchAction\",\"target\":{\"@type\":\"EntryPoint\",\"urlTemplate\":\"https:\/\/www.dahrah.com\/?s={search_term_string}\"},\"query-input\":{\"@type\":\"PropertyValueSpecification\",\"valueRequired\":true,\"valueName\":\"search_term_string\"}}],\"inLanguage\":\"de-DE\"},{\"@type\":\"Organization\",\"@id\":\"https:\/\/www.dahrah.com\/#organization\",\"name\":\"Dahrah Sailing Fashion\",\"url\":\"https:\/\/www.dahrah.com\/\",\"logo\":{\"@type\":\"ImageObject\",\"inLanguage\":\"de-DE\",\"@id\":\"https:\/\/www.dahrah.com\/#\/schema\/logo\/image\/\",\"url\":\"\",\"contentUrl\":\"\",\"caption\":\"Dahrah Sailing Fashion\"},\"image\":{\"@id\":\"https:\/\/www.dahrah.com\/#\/schema\/logo\/image\/\"}}]}<\/script>\n<!-- \/ Yoast SEO plugin. -->","yoast_head_json":{"title":"Kapuzenpullover und T-Shirts mit nautischen und Segelmotiven - Dahrah Sailing Fashion","description":"Niederl\u00e4ndische Marke f\u00fcr nautische und Segelbekleidung wie Hoodies, T-Shirts und Pullover. Bio-Marinebekleidung, speziell f\u00fcr Segler und Wassersportler.","robots":{"index":"index","follow":"follow","max-snippet":"max-snippet:-1","max-image-preview":"max-image-preview:large","max-video-preview":"max-video-preview:-1"},"canonical":"https:\/\/www.dahrah.com\/about\/","og_locale":"de_DE","og_type":"article","og_title":"Kapuzenpullover und T-Shirts mit nautischen und Segelmotiven - Dahrah Sailing Fashion","og_description":"Niederl\u00e4ndische Marke f\u00fcr nautische und Segelbekleidung wie Hoodies, T-Shirts und Pullover. Bio-Marinebekleidung, speziell f\u00fcr Segler und Wassersportler.","og_url":"https:\/\/www.dahrah.com\/about\/","og_site_name":"Dahrah Sailing Fashion","article_modified_time":"2025-11-26T19:49:53+00:00","og_image":[{"width":768,"height":461,"url":"https:\/\/www.dahrah.com\/wp-content\/uploads\/2024\/02\/IMG_9301-h-768x461-1.jpg","type":"image\/jpeg"}],"twitter_card":"summary_large_image","twitter_misc":{"Est. reading time":"4 minutes"},"schema":{"@context":"https:\/\/schema.org","@graph":[{"@type":"WebPage","@id":"https:\/\/www.dahrah.com\/about\/","url":"https:\/\/www.dahrah.com\/about\/","name":"Nautische en zeilen hoodies en T-shirts - Dahrah Sailing Fashion","isPartOf":{"@id":"https:\/\/www.dahrah.com\/#website"},"primaryImageOfPage":{"@id":"https:\/\/www.dahrah.com\/about\/#primaryimage"},"image":{"@id":"https:\/\/www.dahrah.com\/about\/#primaryimage"},"thumbnailUrl":"https:\/\/www.dahrah.com\/wp-content\/uploads\/2024\/02\/IMG_9301-h-768x461-1.jpg","datePublished":"2024-02-23T14:38:14+00:00","dateModified":"2025-11-26T19:49:53+00:00","description":"Nederlands merk van nautische en zeilen hoodies, T-shirts en truien. Biologische maritieme kleding, ontworpen voor zeilers en watersporters.","breadcrumb":{"@id":"https:\/\/www.dahrah.com\/about\/#breadcrumb"},"inLanguage":"de-DE","potentialAction":[{"@type":"ReadAction","target":["https:\/\/www.dahrah.com\/about\/"]}]},{"@type":"ImageObject","inLanguage":"de-DE","@id":"https:\/\/www.dahrah.com\/about\/#primaryimage","url":"https:\/\/www.dahrah.com\/wp-content\/uploads\/2024\/02\/IMG_9301-h-768x461-1.jpg","contentUrl":"https:\/\/www.dahrah.com\/wp-content\/uploads\/2024\/02\/IMG_9301-h-768x461-1.jpg"},{"@type":"BreadcrumbList","@id":"https:\/\/www.dahrah.com\/about\/#breadcrumb","itemListElement":[{"@type":"ListItem","position":1,"name":"Home","item":"https:\/\/www.dahrah.com\/"},{"@type":"ListItem","position":2,"name":"About"}]},{"@type":"WebSite","@id":"https:\/\/www.dahrah.com\/#website","url":"https:\/\/www.dahrah.com\/","name":"Dahrah Sailing Fashion","description":"DAHRAH FASHION, Bio-Segelmode","publisher":{"@id":"https:\/\/www.dahrah.com\/#organization"},"potentialAction":[{"@type":"SearchAction","target":{"@type":"EntryPoint","urlTemplate":"https:\/\/www.dahrah.com\/?s={search_term_string}"},"query-input":{"@type":"PropertyValueSpecification","valueRequired":true,"valueName":"search_term_string"}}],"inLanguage":"de-DE"},{"@type":"Organization","@id":"https:\/\/www.dahrah.com\/#organization","name":"Dahrah Sailing Fashion","url":"https:\/\/www.dahrah.com\/","logo":{"@type":"ImageObject","inLanguage":"de-DE","@id":"https:\/\/www.dahrah.com\/#\/schema\/logo\/image\/","url":"","contentUrl":"","caption":"Dahrah Sailing Fashion"},"image":{"@id":"https:\/\/www.dahrah.com\/#\/schema\/logo\/image\/"}}]}},"jetpack_sharing_enabled":true,"_links":{"self":[{"href":"https:\/\/www.dahrah.com\/de\/wp-json\/wp\/v2\/pages\/9","targetHints":{"allow":["GET"]}}],"collection":[{"href":"https:\/\/www.dahrah.com\/de\/wp-json\/wp\/v2\/pages"}],"about":[{"href":"https:\/\/www.dahrah.com\/de\/wp-json\/wp\/v2\/types\/page"}],"author":[{"embeddable":true,"href":"https:\/\/www.dahrah.com\/de\/wp-json\/wp\/v2\/users\/2"}],"replies":[{"embeddable":true,"href":"https:\/\/www.dahrah.com\/de\/wp-json\/wp\/v2\/comments?post=9"}],"version-history":[{"count":92,"href":"https:\/\/www.dahrah.com\/de\/wp-json\/wp\/v2\/pages\/9\/revisions"}],"predecessor-version":[{"id":8785,"href":"https:\/\/www.dahrah.com\/de\/wp-json\/wp\/v2\/pages\/9\/revisions\/8785"}],"wp:attachment":[{"href":"https:\/\/www.dahrah.com\/de\/wp-json\/wp\/v2\/media?parent=9"}],"curies":[{"name":"wp","href":"https:\/\/api.w.org\/{rel}","templated":true}]}}