

{"id":9,"date":"2024-02-23T14:38:14","date_gmt":"2024-02-23T14:38:14","guid":{"rendered":"https:\/\/www.dahrah.com\/?page_id=9"},"modified":"2025-11-26T19:49:53","modified_gmt":"2025-11-26T19:49:53","slug":"about","status":"publish","type":"page","link":"https:\/\/www.dahrah.com\/fr\/about\/","title":{"rendered":"About"},"content":{"rendered":"\n<div class=\"wp-block-cover alignfull is-light\" style=\"min-height:600px;aspect-ratio:unset;\"><span aria-hidden=\"true\" class=\"wp-block-cover__background has-nv-light-bg-background-color has-background-dim-100 has-background-dim\"><\/span><div class=\"wp-block-cover__inner-container is-layout-flow wp-block-cover-is-layout-flow\">\n<div class=\"wp-block-group\"><div class=\"wp-block-group__inner-container is-layout-flow wp-block-group-is-layout-flow\">\n<div style=\"height:125px\" aria-hidden=\"true\" class=\"wp-block-spacer\"><\/div>\n\n\n\n<div class=\"wp-block-columns are-vertically-aligned-center is-layout-flex wp-container-core-columns-is-layout-9d6595d7 wp-block-columns-is-layout-flex\">\n<div class=\"wp-block-column is-vertically-aligned-center is-layout-flow wp-block-column-is-layout-flow\" style=\"flex-basis:50%\">\n<figure class=\"wp-block-image size-full size-large\"><img loading=\"lazy\" decoding=\"async\" width=\"768\" height=\"461\" src=\"https:\/\/www.dahrah.com\/wp-content\/uploads\/2024\/02\/IMG_9301-h-768x461-1.jpg\" alt=\"\" class=\"wp-image-4149\" srcset=\"https:\/\/www.dahrah.com\/wp-content\/uploads\/2024\/02\/IMG_9301-h-768x461-1.jpg 768w, https:\/\/www.dahrah.com\/wp-content\/uploads\/2024\/02\/IMG_9301-h-768x461-1-300x180.jpg 300w\" sizes=\"auto, (max-width: 768px) 100vw, 768px\" \/><\/figure>\n<\/div>\n\n\n\n<div class=\"wp-block-column is-vertically-aligned-center is-layout-flow wp-block-column-is-layout-flow\" style=\"flex-basis:50%\">\n<h2 class=\"wp-block-heading has-neve-text-color-color has-text-color\"><strong><strong>Notre histoire<\/strong><\/strong><\/h2>\n\n\n\n<p><\/p>\n\n\n\n<p><\/p>\n\n\n\n<p>DAHRAH est n\u00e9e en 2018 \u00e0 Leiden, aux Pays-Bas. La fondatrice avait pr\u00e8s de dix ans d\u2019exp\u00e9rience dans la conception et la fabrication de costumes de danse o\u00f9 elle a d\u00e9velopp\u00e9 un amour de la couleur et une cr\u00e9ativit\u00e9 sans limite.<\/p>\n\n\n\n<p>Depuis 2023, nous proposons des T-shirts et sweats \u00e0 capuche cr\u00e9atifs, color\u00e9s et gais. Nos imprim\u00e9s sont tous con\u00e7us personnellement par nous et forment des abstractions de sujets r\u00e9els et surr\u00e9alistes, bien s\u00fbr dans notre style signature. En plus de notre large gamme, nous pouvons toujours confectionner des v\u00eatements personnalis\u00e9s, inspir\u00e9s, par exemple, d\u2019une photo de votre animal de compagnie ou d\u2019un bateau. Nous pouvons le dessiner et l\u2019imprimer \u00e0 la mani\u00e8re de DAHRAH !<\/p>\n<\/div>\n<\/div>\n\n\n\n<div style=\"height:40px\" aria-hidden=\"true\" class=\"wp-block-spacer\"><\/div>\n<\/div><\/div>\n<\/div><\/div>\n\n\n\n<div class=\"wp-block-cover alignfull is-light\" style=\"min-height:600px;aspect-ratio:unset;\"><span aria-hidden=\"true\" class=\"wp-block-cover__background has-nv-dark-bg-background-color has-background-dim-100 has-background-dim\"><\/span><div class=\"wp-block-cover__inner-container is-layout-flow wp-block-cover-is-layout-flow\">\n<div class=\"wp-block-group\"><div class=\"wp-block-group__inner-container is-layout-flow wp-block-group-is-layout-flow\">\n<div style=\"height:80px\" aria-hidden=\"true\" class=\"wp-block-spacer\"><\/div>\n\n\n\n<div class=\"wp-block-columns are-vertically-aligned-center is-layout-flex wp-container-core-columns-is-layout-9d6595d7 wp-block-columns-is-layout-flex\">\n<div class=\"wp-block-column is-vertically-aligned-center is-layout-flow wp-block-column-is-layout-flow\" style=\"flex-basis:50%\">\n<h2 class=\"wp-block-heading has-nv-text-dark-bg-color has-text-color\"><strong><strong>DAHRAH et la plan\u00e8te Terre<\/strong><\/strong><\/h2>\n\n\n\n<p class=\"has-nv-site-bg-color has-text-color has-link-color wp-elements-b27ad4d4f846d4a0c7d2005d339b05ee\"><\/p>\n\n\n\n<p class=\"has-nv-site-bg-color has-text-color has-link-color wp-elements-ab09bcc3a35424880142ecc15f0b2b25\">DAHRAH embrasse un objectif important qui nous tient \u00e0 c\u0153ur : \u00eatre respectueux de l\u2019environnement, de la mer en particulier. Pour nous, la \u00ab mode responsable \u00bb est la seule voie \u00e0 suivre. Nous nous effor\u00e7ons d\u2019y parvenir de plusieurs fa\u00e7ons. D\u2019abord on abandonne toute la \u00ab culture fast fashion \u00bb et on fait le chemin inverse : pas de collections saisonni\u00e8res, pas de nouveaut\u00e9s toutes les heures. Nous n\u2019avons pas de stock, et nous produisons ou imprimons \u00e0 la demande, sp\u00e9cialement pour vous. Z\u00e9ro d\u00e9chet et recycler au maximum est notre \u00ab devise \u00bb. Les T-shirts et sweats \u00e0 capuche sont produits dans des usines \u00e9thiques, et sont certifi\u00e9s Vegan et OEKO-TEK. Les petites quantit\u00e9s de polyester de nos tissus sont recycl\u00e9es, afin de r\u00e9duire l\u2019impact du plastique dans l\u2019eau potable et dans la mer. Nous imprimons les T-shirts et sweats \u00e0 capuche aux Pays-Bas avec des techniques respectueuses de l\u2019environnement. Nos conceptions \u201csans fermeture \u00e9clair\u201d nous \u00e9vitent de gaspiller beaucoup de plastique et de m\u00e9tal qui polluent l\u2019environnement.<\/p>\n\n\n\n<p class=\"has-nv-site-bg-color has-text-color has-link-color wp-elements-2bfffd70a5cb9efd82f15f1b584b7c39\">Toutes les photos et tous les dessins sur ce site : droits d\u2019auteur de Federica Galli (Leiden, Pays-Bas). Toutes nos photos et nos conceptions ne peuvent \u00eatre utilis\u00e9es sans notre permission.<\/p>\n\n\n\n<div style=\"height:20px\" aria-hidden=\"true\" class=\"wp-block-spacer\"><\/div>\n\n\n\n<div style=\"height:20px\" aria-hidden=\"true\" class=\"wp-block-spacer\"><\/div>\n<\/div>\n\n\n\n<div class=\"wp-block-column is-vertically-aligned-center is-layout-flow wp-block-column-is-layout-flow\" style=\"flex-basis:50%\">\n<figure class=\"wp-block-image size-full\"><img loading=\"lazy\" decoding=\"async\" width=\"768\" height=\"570\" src=\"https:\/\/www.dahrah.com\/wp-content\/uploads\/2024\/02\/drawing-fishes1-baars-zonnebaars-together-no-logo-website-768x570-1.png\" alt=\"\" class=\"wp-image-4151\" srcset=\"https:\/\/www.dahrah.com\/wp-content\/uploads\/2024\/02\/drawing-fishes1-baars-zonnebaars-together-no-logo-website-768x570-1.png 768w, https:\/\/www.dahrah.com\/wp-content\/uploads\/2024\/02\/drawing-fishes1-baars-zonnebaars-together-no-logo-website-768x570-1-300x223.png 300w\" sizes=\"auto, (max-width: 768px) 100vw, 768px\" \/><\/figure>\n<\/div>\n<\/div>\n\n\n\n<div style=\"height:40px\" aria-hidden=\"true\" class=\"wp-block-spacer\"><\/div>\n<\/div><\/div>\n<\/div><\/div>\n","protected":false},"excerpt":{"rendered":"","protected":false},"author":2,"featured_media":0,"parent":0,"menu_order":0,"comment_status":"closed","ping_status":"closed","template":"","meta":{"neve_meta_sidebar":"","neve_meta_container":"","neve_meta_enable_content_width":"on","neve_meta_content_width":100,"neve_meta_title_alignment":"","neve_meta_author_avatar":"","neve_post_elements_order":"","neve_meta_disable_header":"","neve_meta_disable_footer":"","neve_meta_disable_title":"on","footnotes":""},"class_list":["post-9","page","type-page","status-publish","hentry"],"translation":{"provider":"WPGlobus","version":"3.0.2","language":"fr","enabled_languages":["en","de","fr","nl","it"],"languages":{"en":{"title":true,"content":true,"excerpt":false},"de":{"title":false,"content":true,"excerpt":false},"fr":{"title":false,"content":true,"excerpt":false},"nl":{"title":false,"content":true,"excerpt":false},"it":{"title":false,"content":true,"excerpt":false}}},"yoast_head":"<!-- This site is optimized with the Yoast SEO plugin v27.4 - https:\/\/yoast.com\/product\/yoast-seo-wordpress\/ -->\n<title>Nautische en zeilen hoodies en T-shirts - Dahrah Sailing Fashion<\/title>\n<meta name=\"robots\" content=\"index, follow, max-snippet:-1, max-image-preview:large, max-video-preview:-1\" \/>\n<link rel=\"canonical\" href=\"https:\/\/www.dahrah.com\/about\/\" \/>\n<meta property=\"og:locale\" content=\"fr_FR\" \/>\n<meta property=\"og:type\" content=\"article\" \/>\n<meta property=\"og:title\" content=\"About - Dahrah Sailing Fashion\" \/>\n<meta property=\"og:url\" content=\"https:\/\/www.dahrah.com\/about\/\" \/>\n<meta property=\"og:site_name\" content=\"Dahrah Sailing Fashion\" \/>\n<meta property=\"article:modified_time\" content=\"2025-11-26T19:49:53+00:00\" \/>\n<meta property=\"og:image\" content=\"https:\/\/www.dahrah.com\/wp-content\/uploads\/2024\/02\/IMG_9301-h-768x461-1.jpg\" \/>\n\t<meta property=\"og:image:width\" content=\"768\" \/>\n\t<meta property=\"og:image:height\" content=\"461\" \/>\n\t<meta property=\"og:image:type\" content=\"image\/jpeg\" \/>\n<meta name=\"twitter:card\" content=\"summary_large_image\" \/>\n<meta name=\"twitter:label1\" content=\"Est. reading time\" \/>\n\t<meta name=\"twitter:data1\" content=\"4 minutes\" \/>\n<script type=\"application\/ld+json\" class=\"yoast-schema-graph\">{\"@context\":\"https:\\\/\\\/schema.org\",\"@graph\":[{\"@type\":\"WebPage\",\"@id\":\"https:\\\/\\\/www.dahrah.com\\\/about\\\/\",\"url\":\"https:\\\/\\\/www.dahrah.com\\\/about\\\/\",\"name\":\"Nautische en zeilen hoodies en T-shirts - Dahrah Sailing Fashion\",\"isPartOf\":{\"@id\":\"https:\\\/\\\/www.dahrah.com\\\/#website\"},\"primaryImageOfPage\":{\"@id\":\"https:\\\/\\\/www.dahrah.com\\\/about\\\/#primaryimage\"},\"image\":{\"@id\":\"https:\\\/\\\/www.dahrah.com\\\/about\\\/#primaryimage\"},\"thumbnailUrl\":\"https:\\\/\\\/www.dahrah.com\\\/wp-content\\\/uploads\\\/2024\\\/02\\\/IMG_9301-h-768x461-1.jpg\",\"datePublished\":\"2024-02-23T14:38:14+00:00\",\"dateModified\":\"2025-11-26T19:49:53+00:00\",\"description\":\"Nederlands merk van nautische en zeilen hoodies, T-shirts en truien. Biologische maritieme kleding, ontworpen voor zeilers en watersporters.\",\"breadcrumb\":{\"@id\":\"https:\\\/\\\/www.dahrah.com\\\/about\\\/#breadcrumb\"},\"inLanguage\":\"fr-FR\",\"potentialAction\":[{\"@type\":\"ReadAction\",\"target\":[\"https:\\\/\\\/www.dahrah.com\\\/about\\\/\"]}]},{\"@type\":\"ImageObject\",\"inLanguage\":\"fr-FR\",\"@id\":\"https:\\\/\\\/www.dahrah.com\\\/about\\\/#primaryimage\",\"url\":\"https:\\\/\\\/www.dahrah.com\\\/wp-content\\\/uploads\\\/2024\\\/02\\\/IMG_9301-h-768x461-1.jpg\",\"contentUrl\":\"https:\\\/\\\/www.dahrah.com\\\/wp-content\\\/uploads\\\/2024\\\/02\\\/IMG_9301-h-768x461-1.jpg\"},{\"@type\":\"BreadcrumbList\",\"@id\":\"https:\\\/\\\/www.dahrah.com\\\/about\\\/#breadcrumb\",\"itemListElement\":[{\"@type\":\"ListItem\",\"position\":1,\"name\":\"Home\",\"item\":\"https:\\\/\\\/www.dahrah.com\\\/\"},{\"@type\":\"ListItem\",\"position\":2,\"name\":\"About\"}]},{\"@type\":\"WebSite\",\"@id\":\"https:\\\/\\\/www.dahrah.com\\\/#website\",\"url\":\"https:\\\/\\\/www.dahrah.com\\\/\",\"name\":\"Dahrah Sailing Fashion\",\"description\":\"DAHRAH FASHION, Mode de navigation bio\",\"publisher\":{\"@id\":\"https:\\\/\\\/www.dahrah.com\\\/#organization\"},\"potentialAction\":[{\"@type\":\"SearchAction\",\"target\":{\"@type\":\"EntryPoint\",\"urlTemplate\":\"https:\\\/\\\/www.dahrah.com\\\/?s={search_term_string}\"},\"query-input\":{\"@type\":\"PropertyValueSpecification\",\"valueRequired\":true,\"valueName\":\"search_term_string\"}}],\"inLanguage\":\"fr-FR\"},{\"@type\":\"Organization\",\"@id\":\"https:\\\/\\\/www.dahrah.com\\\/#organization\",\"name\":\"Dahrah Sailing Fashion\",\"url\":\"https:\\\/\\\/www.dahrah.com\\\/\",\"logo\":{\"@type\":\"ImageObject\",\"inLanguage\":\"fr-FR\",\"@id\":\"https:\\\/\\\/www.dahrah.com\\\/#\\\/schema\\\/logo\\\/image\\\/\",\"url\":\"\",\"contentUrl\":\"\",\"caption\":\"Dahrah Sailing Fashion\"},\"image\":{\"@id\":\"https:\\\/\\\/www.dahrah.com\\\/#\\\/schema\\\/logo\\\/image\\\/\"}}]}<\/script>\n<!-- \/ Yoast SEO plugin. -->","yoast_head_json":{"title":"Nautische en zeilen hoodies en T-shirts - Dahrah Sailing Fashion","robots":{"index":"index","follow":"follow","max-snippet":"max-snippet:-1","max-image-preview":"max-image-preview:large","max-video-preview":"max-video-preview:-1"},"canonical":"https:\/\/www.dahrah.com\/about\/","og_locale":"fr_FR","og_type":"article","og_title":"About - Dahrah Sailing Fashion","og_url":"https:\/\/www.dahrah.com\/about\/","og_site_name":"Dahrah Sailing Fashion","article_modified_time":"2025-11-26T19:49:53+00:00","og_image":[{"width":768,"height":461,"url":"https:\/\/www.dahrah.com\/wp-content\/uploads\/2024\/02\/IMG_9301-h-768x461-1.jpg","type":"image\/jpeg"}],"twitter_card":"summary_large_image","twitter_misc":{"Est. reading time":"4 minutes"},"schema":{"@context":"https:\/\/schema.org","@graph":[{"@type":"WebPage","@id":"https:\/\/www.dahrah.com\/about\/","url":"https:\/\/www.dahrah.com\/about\/","name":"Nautische en zeilen hoodies en T-shirts - Dahrah Sailing Fashion","isPartOf":{"@id":"https:\/\/www.dahrah.com\/#website"},"primaryImageOfPage":{"@id":"https:\/\/www.dahrah.com\/about\/#primaryimage"},"image":{"@id":"https:\/\/www.dahrah.com\/about\/#primaryimage"},"thumbnailUrl":"https:\/\/www.dahrah.com\/wp-content\/uploads\/2024\/02\/IMG_9301-h-768x461-1.jpg","datePublished":"2024-02-23T14:38:14+00:00","dateModified":"2025-11-26T19:49:53+00:00","description":"Nederlands merk van nautische en zeilen hoodies, T-shirts en truien. Biologische maritieme kleding, ontworpen voor zeilers en watersporters.","breadcrumb":{"@id":"https:\/\/www.dahrah.com\/about\/#breadcrumb"},"inLanguage":"fr-FR","potentialAction":[{"@type":"ReadAction","target":["https:\/\/www.dahrah.com\/about\/"]}]},{"@type":"ImageObject","inLanguage":"fr-FR","@id":"https:\/\/www.dahrah.com\/about\/#primaryimage","url":"https:\/\/www.dahrah.com\/wp-content\/uploads\/2024\/02\/IMG_9301-h-768x461-1.jpg","contentUrl":"https:\/\/www.dahrah.com\/wp-content\/uploads\/2024\/02\/IMG_9301-h-768x461-1.jpg"},{"@type":"BreadcrumbList","@id":"https:\/\/www.dahrah.com\/about\/#breadcrumb","itemListElement":[{"@type":"ListItem","position":1,"name":"Home","item":"https:\/\/www.dahrah.com\/"},{"@type":"ListItem","position":2,"name":"About"}]},{"@type":"WebSite","@id":"https:\/\/www.dahrah.com\/#website","url":"https:\/\/www.dahrah.com\/","name":"Dahrah Sailing Fashion","description":"DAHRAH FASHION, Mode de navigation bio","publisher":{"@id":"https:\/\/www.dahrah.com\/#organization"},"potentialAction":[{"@type":"SearchAction","target":{"@type":"EntryPoint","urlTemplate":"https:\/\/www.dahrah.com\/?s={search_term_string}"},"query-input":{"@type":"PropertyValueSpecification","valueRequired":true,"valueName":"search_term_string"}}],"inLanguage":"fr-FR"},{"@type":"Organization","@id":"https:\/\/www.dahrah.com\/#organization","name":"Dahrah Sailing Fashion","url":"https:\/\/www.dahrah.com\/","logo":{"@type":"ImageObject","inLanguage":"fr-FR","@id":"https:\/\/www.dahrah.com\/#\/schema\/logo\/image\/","url":"","contentUrl":"","caption":"Dahrah Sailing Fashion"},"image":{"@id":"https:\/\/www.dahrah.com\/#\/schema\/logo\/image\/"}}]}},"jetpack_sharing_enabled":true,"_links":{"self":[{"href":"https:\/\/www.dahrah.com\/fr\/wp-json\/wp\/v2\/pages\/9","targetHints":{"allow":["GET"]}}],"collection":[{"href":"https:\/\/www.dahrah.com\/fr\/wp-json\/wp\/v2\/pages"}],"about":[{"href":"https:\/\/www.dahrah.com\/fr\/wp-json\/wp\/v2\/types\/page"}],"author":[{"embeddable":true,"href":"https:\/\/www.dahrah.com\/fr\/wp-json\/wp\/v2\/users\/2"}],"replies":[{"embeddable":true,"href":"https:\/\/www.dahrah.com\/fr\/wp-json\/wp\/v2\/comments?post=9"}],"version-history":[{"count":92,"href":"https:\/\/www.dahrah.com\/fr\/wp-json\/wp\/v2\/pages\/9\/revisions"}],"predecessor-version":[{"id":8785,"href":"https:\/\/www.dahrah.com\/fr\/wp-json\/wp\/v2\/pages\/9\/revisions\/8785"}],"wp:attachment":[{"href":"https:\/\/www.dahrah.com\/fr\/wp-json\/wp\/v2\/media?parent=9"}],"curies":[{"name":"wp","href":"https:\/\/api.w.org\/{rel}","templated":true}]}}